{"id":1741,"date":"2025-03-10T12:38:43","date_gmt":"2025-03-10T12:38:43","guid":{"rendered":"https:\/\/hofmann.gundf-testserver.de\/imprint\/"},"modified":"2025-11-24T14:19:50","modified_gmt":"2025-11-24T14:19:50","slug":"imprint","status":"publish","type":"page","link":"https:\/\/hofmann-maschinen.de\/en\/imprint\/","title":{"rendered":"Imprint"},"content":{"rendered":"<section class=\"l-section wpb_row height_large\"><div class=\"l-section-h i-cf\"><div class=\"g-cols vc_row via_grid cols_1 laptops-cols_inherit tablets-cols_inherit mobiles-cols_1 valign_top type_default stacking_default\"><div class=\"wpb_column vc_column_container\"><div class=\"vc_column-inner\"><div class=\"wpb_text_column\"><div class=\"wpb_wrapper\"><h2>Site Notice<\/h2>\n<p>Hofmann Maschinenfabrik GmbH<br \/>\nHofmannstrr. 23<br \/>\n91438 Bad Windsheim<\/p>\n<p>Commercial Register: HRB 7812<br \/>\nRegistration court: Registergericht F\u00fcrth<\/p>\n<p><strong>Represented by:<\/strong><br \/>\nGesch\u00e4ftsf\u00fchrerin Gabriele Hartmann<\/p>\n<h2>Contact<\/h2>\n<p>Phone: +49 (0) 9841 65 04 21<br \/>\nTelefax: +49 (0) 9841 65 04 25<br \/>\nE-mail: info@hofmann-maschinen.de<\/p>\n<h2>VAT ID<\/h2>\n<p>Sales tax identification number according to Sect. 27 a of the Sales Tax Law:<br \/>\nDE 207 292 963<\/p>\n<h2>Dispute resolution proceedings in front of a consumer arbitration board<\/h2>\n<p>We are not willing or obliged to participate in dispute resolution proceedings in front of a consumer arbitration board.<\/p>\n<\/div><\/div><\/div><\/div><\/div><\/div><\/section>\n","protected":false},"excerpt":{"rendered":"Site Notice Hofmann Maschinenfabrik GmbH Hofmannstrr. 23 91438 Bad Windsheim Commercial Register: HRB 7812 Registration court: Registergericht F\u00fcrth Represented by: Gesch\u00e4ftsf\u00fchrerin Gabriele Hartmann Contact Phone: +49 (0) 9841 65 04 21 Telefax: +49 (0) 9841 65 04 25 E-mail: info@hofmann-maschinen.de VAT ID Sales tax identification number according to Sect. 27 a of the Sales Tax...","protected":false},"author":1,"featured_media":0,"parent":0,"menu_order":0,"comment_status":"closed","ping_status":"closed","template":"","meta":{"footnotes":""},"class_list":["post-1741","page","type-page","status-publish","hentry"],"yoast_head":"<!-- This site is optimized with the Yoast SEO plugin v26.4 - https:\/\/yoast.com\/wordpress\/plugins\/seo\/ -->\n<title>Imprint - Hofmann<\/title>\n<meta name=\"robots\" content=\"index, follow, max-snippet:-1, max-image-preview:large, max-video-preview:-1\" \/>\n<link rel=\"canonical\" href=\"https:\/\/hofmann-maschinen.de\/en\/imprint\/\" \/>\n<meta property=\"og:locale\" content=\"en_US\" \/>\n<meta property=\"og:type\" content=\"article\" \/>\n<meta property=\"og:title\" content=\"Imprint - Hofmann\" \/>\n<meta property=\"og:url\" content=\"https:\/\/hofmann-maschinen.de\/en\/imprint\/\" \/>\n<meta property=\"og:site_name\" content=\"Hofmann\" \/>\n<meta property=\"article:modified_time\" content=\"2025-11-24T14:19:50+00:00\" \/>\n<meta name=\"twitter:card\" content=\"summary_large_image\" \/>\n<meta name=\"twitter:label1\" content=\"Est. reading time\" \/>\n\t<meta name=\"twitter:data1\" content=\"1 minute\" \/>\n<script type=\"application\/ld+json\" class=\"yoast-schema-graph\">{\"@context\":\"https:\/\/schema.org\",\"@graph\":[{\"@type\":\"WebPage\",\"@id\":\"https:\/\/hofmann-maschinen.de\/en\/imprint\/\",\"url\":\"https:\/\/hofmann-maschinen.de\/en\/imprint\/\",\"name\":\"Imprint - Hofmann\",\"isPartOf\":{\"@id\":\"https:\/\/hofmann-maschinen.de\/en\/#website\"},\"datePublished\":\"2025-03-10T12:38:43+00:00\",\"dateModified\":\"2025-11-24T14:19:50+00:00\",\"breadcrumb\":{\"@id\":\"https:\/\/hofmann-maschinen.de\/en\/imprint\/#breadcrumb\"},\"inLanguage\":\"en-US\",\"potentialAction\":[{\"@type\":\"ReadAction\",\"target\":[\"https:\/\/hofmann-maschinen.de\/en\/imprint\/\"]}]},{\"@type\":\"BreadcrumbList\",\"@id\":\"https:\/\/hofmann-maschinen.de\/en\/imprint\/#breadcrumb\",\"itemListElement\":[{\"@type\":\"ListItem\",\"position\":1,\"name\":\"Startseite\",\"item\":\"https:\/\/hofmann-maschinen.de\/en\/\"},{\"@type\":\"ListItem\",\"position\":2,\"name\":\"Imprint\"}]},{\"@type\":\"WebSite\",\"@id\":\"https:\/\/hofmann-maschinen.de\/en\/#website\",\"url\":\"https:\/\/hofmann-maschinen.de\/en\/\",\"name\":\"Hofmann\",\"description\":\"Holzbearbeitungsmaschinen Made in Germany\",\"potentialAction\":[{\"@type\":\"SearchAction\",\"target\":{\"@type\":\"EntryPoint\",\"urlTemplate\":\"https:\/\/hofmann-maschinen.de\/en\/?s={search_term_string}\"},\"query-input\":{\"@type\":\"PropertyValueSpecification\",\"valueRequired\":true,\"valueName\":\"search_term_string\"}}],\"inLanguage\":\"en-US\"}]}<\/script>\n<!-- \/ Yoast SEO plugin. -->","yoast_head_json":{"title":"Imprint - Hofmann","robots":{"index":"index","follow":"follow","max-snippet":"max-snippet:-1","max-image-preview":"max-image-preview:large","max-video-preview":"max-video-preview:-1"},"canonical":"https:\/\/hofmann-maschinen.de\/en\/imprint\/","og_locale":"en_US","og_type":"article","og_title":"Imprint - Hofmann","og_url":"https:\/\/hofmann-maschinen.de\/en\/imprint\/","og_site_name":"Hofmann","article_modified_time":"2025-11-24T14:19:50+00:00","twitter_card":"summary_large_image","twitter_misc":{"Est. reading time":"1 minute"},"schema":{"@context":"https:\/\/schema.org","@graph":[{"@type":"WebPage","@id":"https:\/\/hofmann-maschinen.de\/en\/imprint\/","url":"https:\/\/hofmann-maschinen.de\/en\/imprint\/","name":"Imprint - Hofmann","isPartOf":{"@id":"https:\/\/hofmann-maschinen.de\/en\/#website"},"datePublished":"2025-03-10T12:38:43+00:00","dateModified":"2025-11-24T14:19:50+00:00","breadcrumb":{"@id":"https:\/\/hofmann-maschinen.de\/en\/imprint\/#breadcrumb"},"inLanguage":"en-US","potentialAction":[{"@type":"ReadAction","target":["https:\/\/hofmann-maschinen.de\/en\/imprint\/"]}]},{"@type":"BreadcrumbList","@id":"https:\/\/hofmann-maschinen.de\/en\/imprint\/#breadcrumb","itemListElement":[{"@type":"ListItem","position":1,"name":"Startseite","item":"https:\/\/hofmann-maschinen.de\/en\/"},{"@type":"ListItem","position":2,"name":"Imprint"}]},{"@type":"WebSite","@id":"https:\/\/hofmann-maschinen.de\/en\/#website","url":"https:\/\/hofmann-maschinen.de\/en\/","name":"Hofmann","description":"Holzbearbeitungsmaschinen Made in Germany","potentialAction":[{"@type":"SearchAction","target":{"@type":"EntryPoint","urlTemplate":"https:\/\/hofmann-maschinen.de\/en\/?s={search_term_string}"},"query-input":{"@type":"PropertyValueSpecification","valueRequired":true,"valueName":"search_term_string"}}],"inLanguage":"en-US"}]}},"_links":{"self":[{"href":"https:\/\/hofmann-maschinen.de\/en\/wp-json\/wp\/v2\/pages\/1741","targetHints":{"allow":["GET"]}}],"collection":[{"href":"https:\/\/hofmann-maschinen.de\/en\/wp-json\/wp\/v2\/pages"}],"about":[{"href":"https:\/\/hofmann-maschinen.de\/en\/wp-json\/wp\/v2\/types\/page"}],"author":[{"embeddable":true,"href":"https:\/\/hofmann-maschinen.de\/en\/wp-json\/wp\/v2\/users\/1"}],"replies":[{"embeddable":true,"href":"https:\/\/hofmann-maschinen.de\/en\/wp-json\/wp\/v2\/comments?post=1741"}],"version-history":[{"count":4,"href":"https:\/\/hofmann-maschinen.de\/en\/wp-json\/wp\/v2\/pages\/1741\/revisions"}],"predecessor-version":[{"id":1810,"href":"https:\/\/hofmann-maschinen.de\/en\/wp-json\/wp\/v2\/pages\/1741\/revisions\/1810"}],"wp:attachment":[{"href":"https:\/\/hofmann-maschinen.de\/en\/wp-json\/wp\/v2\/media?parent=1741"}],"curies":[{"name":"wp","href":"https:\/\/api.w.org\/{rel}","templated":true}]}}